{"id":5649,"date":"2023-02-28T12:00:09","date_gmt":"2023-02-28T09:00:09","guid":{"rendered":"https:\/\/royalbaldai-lt-845729.hostingersite.com\/?post_type=product&#038;p=5649"},"modified":"2025-10-24T10:48:24","modified_gmt":"2025-10-24T07:48:24","slug":"dviviete-sofa-padova","status":"publish","type":"product","link":"https:\/\/royalbaldai.lt\/ru\/dviviete-sofa-padova\/","title":{"rendered":"Dviviet\u0117 sofa \u201ePadova\u201c"},"content":{"rendered":"<p>&nbsp;<\/p>\n<ul>\n<li>Tvirtas r\u0117mas su kampiniais sutvirtinimais<\/li>\n<li>Prisi\u016bta atlo\u0161o pagalv\u0117 ir nuimamos s\u0117dimosios pagalv\u0117s<\/li>\n<li>Auk\u0161tos kokyb\u0117s put\u0173 pagalv\u0117s, apgaubtos poliesterio pluo\u0161tu<\/li>\n<li>Poliesterio apmu\u0161alas<\/li>\n<li>\u012e komplekt\u0105 \u012feina 2 dekoratyvin\u0117s pagalv\u0117l\u0117s<\/li>\n<li>Pagalv\u0117l\u0117s su mink\u0161tu poliesterio u\u017epildu<\/li>\n<li>Platformin\u0117 pagrindo sistema, kuri po 20 000 bandym\u0173 cikl\u0173 i\u0161laiko 3 kartus geresn\u012f atsparum\u0105 \u012fdubimams nei spyruoklin\u0117s sistemos \u2013 tolygiai paskirsto svor\u012f<\/li>\n<li>Platforminis pagrindas ilgainiui i\u0161laiko \u012ftempt\u0105, be rauk\u0161li\u0173 pavir\u0161i\u0173, prie\u0161ingai nei spyruoklin\u0117s sistemos, kurios laikui b\u0117gant gali deformuotis<\/li>\n<\/ul>\n<p>Audini\u0173 sud\u0117tis: 100 % poliesteris<\/p>\n","protected":false},"excerpt":{"rendered":"<p>&nbsp; Tvirtas r\u0117mas su kampiniais sutvirtinimais Prisi\u016bta atlo\u0161o pagalv\u0117 ir nuimamos s\u0117dimosios pagalv\u0117s Auk\u0161tos kokyb\u0117s put\u0173 pagalv\u0117s, apgaubtos poliesterio pluo\u0161tu Poliesterio apmu\u0161alas \u012e komplekt\u0105 \u012feina 2 dekoratyvin\u0117s pagalv\u0117l\u0117s Pagalv\u0117l\u0117s su mink\u0161tu poliesterio u\u017epildu Platformin\u0117 pagrindo sistema, kuri po 20 000 bandym\u0173 cikl\u0173 i\u0161laiko 3 kartus geresn\u012f atsparum\u0105 \u012fdubimams nei spyruoklin\u0117s sistemos \u2013 tolygiai paskirsto svor\u012f &hellip; <a href=\"https:\/\/royalbaldai.lt\/ru\/dviviete-sofa-padova\/\" class=\"more-link\">\u0427\u0438\u0442\u0430\u0442\u044c \u0434\u0430\u043b\u0435\u0435 <span class=\"screen-reader-text\">Dviviet\u0117 sofa \u201ePadova\u201c<\/span><\/a><\/p>\n","protected":false},"featured_media":9761,"template":"","meta":{"_acf_changed":false,"inline_featured_image":false},"product_brand":[],"product_cat":[46,19],"product_tag":[],"class_list":{"0":"post-5649","1":"product","2":"type-product","3":"status-publish","4":"has-post-thumbnail","6":"product_cat-sofos","7":"product_cat-svetaines-baldai","8":"pa_kolekcija-padova","9":"pa_spalva-pilka","11":"first","12":"onbackorder","13":"taxable","14":"shipping-taxable","15":"purchasable","16":"product-type-simple"},"acf":[],"yoast_head":"<!-- This site is optimized with the Yoast SEO plugin v27.4 - https:\/\/yoast.com\/product\/yoast-seo-wordpress\/ -->\n<title>Dviviet\u0117 sofa \u201ePadova\u201c | \u041a\u043e\u0440\u043e\u043b\u0435\u0432\u0441\u043a\u0430\u044f \u043c\u0435\u0431\u0435\u043b\u044c | \u0410\u043c\u0435\u0440\u0438\u043a\u0430\u043d\u0441\u043a\u0430\u044f \u043c\u0435\u0431\u0435\u043b\u044c Ashley<\/title>\n<meta name=\"robots\" content=\"index, follow, max-snippet:-1, max-image-preview:large, max-video-preview:-1\" \/>\n<link rel=\"canonical\" href=\"https:\/\/royalbaldai.lt\/ru\/dviviete-sofa-padova\/\" \/>\n<meta property=\"og:locale\" content=\"ru_RU\" \/>\n<meta property=\"og:type\" content=\"article\" \/>\n<meta property=\"og:title\" content=\"Dviviet\u0117 sofa \u201ePadova\u201c | \u041a\u043e\u0440\u043e\u043b\u0435\u0432\u0441\u043a\u0430\u044f \u043c\u0435\u0431\u0435\u043b\u044c | \u0410\u043c\u0435\u0440\u0438\u043a\u0430\u043d\u0441\u043a\u0430\u044f \u043c\u0435\u0431\u0435\u043b\u044c Ashley\" \/>\n<meta property=\"og:description\" content=\"&nbsp; Tvirtas r\u0117mas su kampiniais sutvirtinimais Prisi\u016bta atlo\u0161o pagalv\u0117 ir nuimamos s\u0117dimosios pagalv\u0117s Auk\u0161tos kokyb\u0117s put\u0173 pagalv\u0117s, apgaubtos poliesterio pluo\u0161tu Poliesterio apmu\u0161alas \u012e komplekt\u0105 \u012feina 2 dekoratyvin\u0117s pagalv\u0117l\u0117s Pagalv\u0117l\u0117s su mink\u0161tu poliesterio u\u017epildu Platformin\u0117 pagrindo sistema, kuri po 20 000 bandym\u0173 cikl\u0173 i\u0161laiko 3 kartus geresn\u012f atsparum\u0105 \u012fdubimams nei spyruoklin\u0117s sistemos \u2013 tolygiai paskirsto svor\u012f &hellip; \u0427\u0438\u0442\u0430\u0442\u044c \u0434\u0430\u043b\u0435\u0435 Dviviet\u0117 sofa \u201ePadova\u201c\" \/>\n<meta property=\"og:url\" content=\"https:\/\/royalbaldai.lt\/ru\/dviviete-sofa-padova\/\" \/>\n<meta property=\"og:site_name\" content=\"\u041a\u043e\u0440\u043e\u043b\u0435\u0432\u0441\u043a\u0430\u044f \u043c\u0435\u0431\u0435\u043b\u044c | \u0410\u043c\u0435\u0440\u0438\u043a\u0430\u043d\u0441\u043a\u0430\u044f \u043c\u0435\u0431\u0435\u043b\u044c Ashley\" \/>\n<meta property=\"article:publisher\" content=\"https:\/\/www.facebook.com\/royalbaldai\" \/>\n<meta property=\"article:modified_time\" content=\"2025-10-24T07:48:24+00:00\" \/>\n<meta property=\"og:image\" content=\"https:\/\/royalbaldai.lt\/wp-content\/uploads\/2023\/02\/33706-35-scaled.jpg\" \/>\n\t<meta property=\"og:image:width\" content=\"2560\" \/>\n\t<meta property=\"og:image:height\" content=\"1707\" \/>\n\t<meta property=\"og:image:type\" content=\"image\/jpeg\" \/>\n<meta name=\"twitter:card\" content=\"summary_large_image\" \/>\n<meta name=\"twitter:label1\" content=\"\u041f\u0440\u0438\u043c\u0435\u0440\u043d\u043e\u0435 \u0432\u0440\u0435\u043c\u044f \u0434\u043b\u044f \u0447\u0442\u0435\u043d\u0438\u044f\" \/>\n\t<meta name=\"twitter:data1\" content=\"1 minute\" \/>\n<!-- \/ Yoast SEO plugin. -->","yoast_head_json":{"title":"Dviviet\u0117 sofa \u201ePadova\u201c | \u041a\u043e\u0440\u043e\u043b\u0435\u0432\u0441\u043a\u0430\u044f \u043c\u0435\u0431\u0435\u043b\u044c | \u0410\u043c\u0435\u0440\u0438\u043a\u0430\u043d\u0441\u043a\u0430\u044f \u043c\u0435\u0431\u0435\u043b\u044c Ashley","robots":{"index":"index","follow":"follow","max-snippet":"max-snippet:-1","max-image-preview":"max-image-preview:large","max-video-preview":"max-video-preview:-1"},"canonical":"https:\/\/royalbaldai.lt\/ru\/dviviete-sofa-padova\/","og_locale":"ru_RU","og_type":"article","og_title":"Dviviet\u0117 sofa \u201ePadova\u201c | \u041a\u043e\u0440\u043e\u043b\u0435\u0432\u0441\u043a\u0430\u044f \u043c\u0435\u0431\u0435\u043b\u044c | \u0410\u043c\u0435\u0440\u0438\u043a\u0430\u043d\u0441\u043a\u0430\u044f \u043c\u0435\u0431\u0435\u043b\u044c Ashley","og_description":"&nbsp; Tvirtas r\u0117mas su kampiniais sutvirtinimais Prisi\u016bta atlo\u0161o pagalv\u0117 ir nuimamos s\u0117dimosios pagalv\u0117s Auk\u0161tos kokyb\u0117s put\u0173 pagalv\u0117s, apgaubtos poliesterio pluo\u0161tu Poliesterio apmu\u0161alas \u012e komplekt\u0105 \u012feina 2 dekoratyvin\u0117s pagalv\u0117l\u0117s Pagalv\u0117l\u0117s su mink\u0161tu poliesterio u\u017epildu Platformin\u0117 pagrindo sistema, kuri po 20 000 bandym\u0173 cikl\u0173 i\u0161laiko 3 kartus geresn\u012f atsparum\u0105 \u012fdubimams nei spyruoklin\u0117s sistemos \u2013 tolygiai paskirsto svor\u012f &hellip; \u0427\u0438\u0442\u0430\u0442\u044c \u0434\u0430\u043b\u0435\u0435 Dviviet\u0117 sofa \u201ePadova\u201c","og_url":"https:\/\/royalbaldai.lt\/ru\/dviviete-sofa-padova\/","og_site_name":"\u041a\u043e\u0440\u043e\u043b\u0435\u0432\u0441\u043a\u0430\u044f \u043c\u0435\u0431\u0435\u043b\u044c | \u0410\u043c\u0435\u0440\u0438\u043a\u0430\u043d\u0441\u043a\u0430\u044f \u043c\u0435\u0431\u0435\u043b\u044c Ashley","article_publisher":"https:\/\/www.facebook.com\/royalbaldai","article_modified_time":"2025-10-24T07:48:24+00:00","og_image":[{"width":2560,"height":1707,"url":"https:\/\/royalbaldai.lt\/wp-content\/uploads\/2023\/02\/33706-35-scaled.jpg","type":"image\/jpeg"}],"twitter_card":"summary_large_image","twitter_misc":{"\u041f\u0440\u0438\u043c\u0435\u0440\u043d\u043e\u0435 \u0432\u0440\u0435\u043c\u044f \u0434\u043b\u044f \u0447\u0442\u0435\u043d\u0438\u044f":"1 minute"},"schema":{"@context":"https:\/\/schema.org","@graph":[{"@type":["WebPage","ItemPage"],"@id":"https:\/\/royalbaldai.lt\/ru\/dviviete-sofa-padova\/","url":"https:\/\/royalbaldai.lt\/ru\/dviviete-sofa-padova\/","name":"Dviviet\u0117 sofa \u201ePadova\u201c | \u041a\u043e\u0440\u043e\u043b\u0435\u0432\u0441\u043a\u0430\u044f \u043c\u0435\u0431\u0435\u043b\u044c | \u0410\u043c\u0435\u0440\u0438\u043a\u0430\u043d\u0441\u043a\u0430\u044f \u043c\u0435\u0431\u0435\u043b\u044c Ashley","isPartOf":{"@id":"https:\/\/royalbaldai.lt\/ru\/#website"},"primaryImageOfPage":{"@id":"https:\/\/royalbaldai.lt\/ru\/dviviete-sofa-padova\/#primaryimage"},"image":{"@id":"https:\/\/royalbaldai.lt\/ru\/dviviete-sofa-padova\/#primaryimage"},"thumbnailUrl":"https:\/\/royalbaldai.lt\/wp-content\/uploads\/2023\/02\/33706-35-scaled.jpg","datePublished":"2023-02-28T09:00:09+00:00","dateModified":"2025-10-24T07:48:24+00:00","breadcrumb":{"@id":"https:\/\/royalbaldai.lt\/ru\/dviviete-sofa-padova\/#breadcrumb"},"inLanguage":"ru-RU","potentialAction":[{"@type":"ReadAction","target":["https:\/\/royalbaldai.lt\/ru\/dviviete-sofa-padova\/"]}]},{"@type":"ImageObject","inLanguage":"ru-RU","@id":"https:\/\/royalbaldai.lt\/ru\/dviviete-sofa-padova\/#primaryimage","url":"https:\/\/royalbaldai.lt\/wp-content\/uploads\/2023\/02\/33706-35-scaled.jpg","contentUrl":"https:\/\/royalbaldai.lt\/wp-content\/uploads\/2023\/02\/33706-35-scaled.jpg","width":2560,"height":1707},{"@type":"BreadcrumbList","@id":"https:\/\/royalbaldai.lt\/ru\/dviviete-sofa-padova\/#breadcrumb","itemListElement":[{"@type":"ListItem","position":1,"name":"\u041a\u0430\u0442\u0430\u043b\u043e\u0433","item":"https:\/\/royalbaldai.lt\/ru\/shop\/"},{"@type":"ListItem","position":2,"name":"Dviviet\u0117 sofa \u201ePadova\u201c"}]},{"@type":"WebSite","@id":"https:\/\/royalbaldai.lt\/ru\/#website","url":"https:\/\/royalbaldai.lt\/ru\/","name":"Royal baldai | Amerikieti\u0161ki ASHLEY baldai","description":"\u041a\u043b\u0430\u0441\u0441\u0438\u0447\u0435\u0441\u043a\u0430\u044f \u0430\u043c\u0435\u0440\u0438\u043a\u0430\u043d\u0441\u043a\u0430\u044f \u043c\u0435\u0431\u0435\u043b\u044c Ashley","publisher":{"@id":"https:\/\/royalbaldai.lt\/ru\/#organization"},"alternateName":"Royal baldai","potentialAction":[{"@type":"SearchAction","target":{"@type":"EntryPoint","urlTemplate":"https:\/\/royalbaldai.lt\/ru\/?s={search_term_string}"},"query-input":{"@type":"PropertyValueSpecification","valueRequired":true,"valueName":"search_term_string"}}],"inLanguage":"ru-RU"},{"@type":"Organization","@id":"https:\/\/royalbaldai.lt\/ru\/#organization","name":"Royal baldai","alternateName":"Royal baldai","url":"https:\/\/royalbaldai.lt\/ru\/","logo":{"@type":"ImageObject","inLanguage":"ru-RU","@id":"https:\/\/royalbaldai.lt\/ru\/#\/schema\/logo\/image\/","url":"https:\/\/royalbaldai.lt\/wp-content\/uploads\/2023\/03\/royal-baldai-logotipas.jpg","contentUrl":"https:\/\/royalbaldai.lt\/wp-content\/uploads\/2023\/03\/royal-baldai-logotipas.jpg","width":1667,"height":1250,"caption":"Royal baldai"},"image":{"@id":"https:\/\/royalbaldai.lt\/ru\/#\/schema\/logo\/image\/"},"sameAs":["https:\/\/www.facebook.com\/royalbaldai","https:\/\/www.instagram.com\/royalbaldai\/","https:\/\/www.pinterest.com\/royalbaldai\/"]}]}},"_links":{"self":[{"href":"https:\/\/royalbaldai.lt\/ru\/wp-json\/wp\/v2\/product\/5649","targetHints":{"allow":["GET"]}}],"collection":[{"href":"https:\/\/royalbaldai.lt\/ru\/wp-json\/wp\/v2\/product"}],"about":[{"href":"https:\/\/royalbaldai.lt\/ru\/wp-json\/wp\/v2\/types\/product"}],"wp:featuredmedia":[{"embeddable":true,"href":"https:\/\/royalbaldai.lt\/ru\/wp-json\/wp\/v2\/media\/9761"}],"wp:attachment":[{"href":"https:\/\/royalbaldai.lt\/ru\/wp-json\/wp\/v2\/media?parent=5649"}],"wp:term":[{"taxonomy":"product_brand","embeddable":true,"href":"https:\/\/royalbaldai.lt\/ru\/wp-json\/wp\/v2\/product_brand?post=5649"},{"taxonomy":"product_cat","embeddable":true,"href":"https:\/\/royalbaldai.lt\/ru\/wp-json\/wp\/v2\/product_cat?post=5649"},{"taxonomy":"product_tag","embeddable":true,"href":"https:\/\/royalbaldai.lt\/ru\/wp-json\/wp\/v2\/product_tag?post=5649"}],"curies":[{"name":"wp","href":"https:\/\/api.w.org\/{rel}","templated":true}]}}