{"id":8564,"date":"2024-05-14T15:14:35","date_gmt":"2024-05-14T12:14:35","guid":{"rendered":"https:\/\/royalbaldai.lt\/triviete-sofa-wurstrow\/"},"modified":"2026-04-16T15:43:38","modified_gmt":"2026-04-16T12:43:38","slug":"triviete-sofa-high-profile","status":"publish","type":"product","link":"https:\/\/royalbaldai.lt\/ru\/triviete-sofa-high-profile\/","title":{"rendered":"Triviet\u0117 sofa \u201eHigh Profile\u201c"},"content":{"rendered":"<h2 data-path-to-node=\"2\">\u201eHigh Profile\u201c sofa: \u0160iuolaiki\u0161kas komfortas ir klasikin\u0117 i\u0161tverm\u0117<\/h2>\n<p data-path-to-node=\"3\">\u201eHigh Profile\u201c sofa \u2013 tai modernaus patogumo ir laikui nepavaldaus ilgaam\u017ei\u0161kumo derinys. D\u0117l gilios s\u0117dimosios dalies ir prabangiai mink\u0161to audinio jausit\u0117s jaukiai tiek tingiais rytais, tiek per kino vakarus. Atnaujinti apver\u010diamas pagalv\u0117les itin paprasta \u2013 tiesiog jas apverskite. Universali sofos apdaila lengvai prisitaiko prie j\u016bs\u0173 esamo interjero, tad gal\u0117site be vargo atnaujinti savo nam\u0173 stili\u0173 kei\u010diantis tendencijoms.<\/p>\n<h3 data-path-to-node=\"4\"><b data-path-to-node=\"4\" data-index-in-node=\"0\">Pagrindin\u0117s savyb\u0117s:<\/b><\/h3>\n<ul data-path-to-node=\"5\">\n<li>\n<p data-path-to-node=\"5,0,0\"><b data-path-to-node=\"5,0,0\" data-index-in-node=\"0\">Sustiprintas r\u0117mas:<\/b> Kampuose sutvirtinta konstrukcija (angl. <i data-path-to-node=\"5,0,0\" data-index-in-node=\"61\">corner-blocked frame<\/i>) u\u017etikrina stabilum\u0105.<\/p>\n<\/li>\n<li>\n<p data-path-to-node=\"5,1,0\"><b data-path-to-node=\"5,1,0\" data-index-in-node=\"0\">Prakti\u0161kumas:<\/b> Apver\u010diamos nugaros ir s\u0117dimosios dalies pagalv\u0117l\u0117s.<\/p>\n<\/li>\n<li>\n<p data-path-to-node=\"5,2,0\"><b data-path-to-node=\"5,2,0\" data-index-in-node=\"0\">Komfortas:<\/b> Didelio elastingumo put\u0173 poliuretano pagalv\u0117s, apgaubtos mink\u0161tu poliesterio pluo\u0161tu.<\/p>\n<\/li>\n<li>\n<p data-path-to-node=\"5,3,0\"><b data-path-to-node=\"5,3,0\" data-index-in-node=\"0\">Priedai:<\/b> Komplekte yra dekoratyvin\u0117s pagalv\u0117l\u0117s su mink\u0161tu u\u017epildu.<\/p>\n<\/li>\n<li>\n<p data-path-to-node=\"5,4,0\"><b data-path-to-node=\"5,4,0\" data-index-in-node=\"0\">Kokybi\u0161ka apdaila:<\/b> Patvarus poliesterio apmu\u0161alas ir \u017eemo profilio akcentin\u0117s kojel\u0117s su dirbtinio med\u017eio apdaila.<\/p>\n<\/li>\n<\/ul>\n","protected":false},"excerpt":{"rendered":"<p>\u201eHigh Profile\u201c sofa: \u0160iuolaiki\u0161kas komfortas ir klasikin\u0117 i\u0161tverm\u0117 \u201eHigh Profile\u201c sofa \u2013 tai modernaus patogumo ir laikui nepavaldaus ilgaam\u017ei\u0161kumo derinys. D\u0117l gilios s\u0117dimosios dalies ir prabangiai mink\u0161to audinio jausit\u0117s jaukiai tiek tingiais rytais, tiek per kino vakarus. Atnaujinti apver\u010diamas pagalv\u0117les itin paprasta \u2013 tiesiog jas apverskite. Universali sofos apdaila lengvai prisitaiko prie j\u016bs\u0173 esamo interjero, &hellip; <a href=\"https:\/\/royalbaldai.lt\/ru\/triviete-sofa-high-profile\/\" class=\"more-link\">\u0427\u0438\u0442\u0430\u0442\u044c \u0434\u0430\u043b\u0435\u0435 <span class=\"screen-reader-text\">Triviet\u0117 sofa \u201eHigh Profile\u201c<\/span><\/a><\/p>\n","protected":false},"featured_media":9902,"template":"","meta":{"_acf_changed":false,"inline_featured_image":false},"product_brand":[],"product_cat":[583,659,579],"product_tag":[],"class_list":{"0":"post-8564","1":"product","2":"type-product","3":"status-publish","4":"has-post-thumbnail","6":"product_cat-583","7":"product_cat-659","8":"product_cat-579","9":"pa_kolekcija-high-profile","10":"pa_spalva-rusvai-pilka","12":"first","13":"onbackorder","14":"taxable","15":"shipping-taxable","16":"purchasable","17":"product-type-simple"},"acf":[],"yoast_head":"<!-- This site is optimized with the Yoast SEO plugin v27.5 - https:\/\/yoast.com\/product\/yoast-seo-wordpress\/ -->\n<title>Triviet\u0117 sofa \u201eHigh Profile\u201c | \u041a\u043e\u0440\u043e\u043b\u0435\u0432\u0441\u043a\u0430\u044f \u043c\u0435\u0431\u0435\u043b\u044c | \u0410\u043c\u0435\u0440\u0438\u043a\u0430\u043d\u0441\u043a\u0430\u044f \u043c\u0435\u0431\u0435\u043b\u044c Ashley<\/title>\n<meta name=\"robots\" content=\"index, follow, max-snippet:-1, max-image-preview:large, max-video-preview:-1\" \/>\n<link rel=\"canonical\" href=\"https:\/\/royalbaldai.lt\/ru\/triviete-sofa-high-profile\/\" \/>\n<meta property=\"og:locale\" content=\"ru_RU\" \/>\n<meta property=\"og:type\" content=\"article\" \/>\n<meta property=\"og:title\" content=\"Triviet\u0117 sofa \u201eHigh Profile\u201c | \u041a\u043e\u0440\u043e\u043b\u0435\u0432\u0441\u043a\u0430\u044f \u043c\u0435\u0431\u0435\u043b\u044c | \u0410\u043c\u0435\u0440\u0438\u043a\u0430\u043d\u0441\u043a\u0430\u044f \u043c\u0435\u0431\u0435\u043b\u044c Ashley\" \/>\n<meta property=\"og:description\" content=\"\u201eHigh Profile\u201c sofa: \u0160iuolaiki\u0161kas komfortas ir klasikin\u0117 i\u0161tverm\u0117 \u201eHigh Profile\u201c sofa \u2013 tai modernaus patogumo ir laikui nepavaldaus ilgaam\u017ei\u0161kumo derinys. D\u0117l gilios s\u0117dimosios dalies ir prabangiai mink\u0161to audinio jausit\u0117s jaukiai tiek tingiais rytais, tiek per kino vakarus. Atnaujinti apver\u010diamas pagalv\u0117les itin paprasta \u2013 tiesiog jas apverskite. Universali sofos apdaila lengvai prisitaiko prie j\u016bs\u0173 esamo interjero, &hellip; \u0427\u0438\u0442\u0430\u0442\u044c \u0434\u0430\u043b\u0435\u0435 Triviet\u0117 sofa \u201eHigh Profile\u201c\" \/>\n<meta property=\"og:url\" content=\"https:\/\/royalbaldai.lt\/ru\/triviete-sofa-high-profile\/\" \/>\n<meta property=\"og:site_name\" content=\"\u041a\u043e\u0440\u043e\u043b\u0435\u0432\u0441\u043a\u0430\u044f \u043c\u0435\u0431\u0435\u043b\u044c | \u0410\u043c\u0435\u0440\u0438\u043a\u0430\u043d\u0441\u043a\u0430\u044f \u043c\u0435\u0431\u0435\u043b\u044c Ashley\" \/>\n<meta property=\"article:publisher\" content=\"https:\/\/www.facebook.com\/royalbaldai\" \/>\n<meta property=\"article:modified_time\" content=\"2026-04-16T12:43:38+00:00\" \/>\n<meta property=\"og:image\" content=\"https:\/\/royalbaldai.lt\/wp-content\/uploads\/2024\/05\/59902-38-scaled.jpg\" \/>\n\t<meta property=\"og:image:width\" content=\"2560\" \/>\n\t<meta property=\"og:image:height\" content=\"1920\" \/>\n\t<meta property=\"og:image:type\" content=\"image\/jpeg\" \/>\n<meta name=\"twitter:card\" content=\"summary_large_image\" \/>\n<meta name=\"twitter:label1\" content=\"\u041f\u0440\u0438\u043c\u0435\u0440\u043d\u043e\u0435 \u0432\u0440\u0435\u043c\u044f \u0434\u043b\u044f \u0447\u0442\u0435\u043d\u0438\u044f\" \/>\n\t<meta name=\"twitter:data1\" content=\"1 minute\" \/>\n<!-- \/ Yoast SEO plugin. -->","yoast_head_json":{"title":"Triviet\u0117 sofa \u201eHigh Profile\u201c | \u041a\u043e\u0440\u043e\u043b\u0435\u0432\u0441\u043a\u0430\u044f \u043c\u0435\u0431\u0435\u043b\u044c | \u0410\u043c\u0435\u0440\u0438\u043a\u0430\u043d\u0441\u043a\u0430\u044f \u043c\u0435\u0431\u0435\u043b\u044c Ashley","robots":{"index":"index","follow":"follow","max-snippet":"max-snippet:-1","max-image-preview":"max-image-preview:large","max-video-preview":"max-video-preview:-1"},"canonical":"https:\/\/royalbaldai.lt\/ru\/triviete-sofa-high-profile\/","og_locale":"ru_RU","og_type":"article","og_title":"Triviet\u0117 sofa \u201eHigh Profile\u201c | \u041a\u043e\u0440\u043e\u043b\u0435\u0432\u0441\u043a\u0430\u044f \u043c\u0435\u0431\u0435\u043b\u044c | \u0410\u043c\u0435\u0440\u0438\u043a\u0430\u043d\u0441\u043a\u0430\u044f \u043c\u0435\u0431\u0435\u043b\u044c Ashley","og_description":"\u201eHigh Profile\u201c sofa: \u0160iuolaiki\u0161kas komfortas ir klasikin\u0117 i\u0161tverm\u0117 \u201eHigh Profile\u201c sofa \u2013 tai modernaus patogumo ir laikui nepavaldaus ilgaam\u017ei\u0161kumo derinys. D\u0117l gilios s\u0117dimosios dalies ir prabangiai mink\u0161to audinio jausit\u0117s jaukiai tiek tingiais rytais, tiek per kino vakarus. Atnaujinti apver\u010diamas pagalv\u0117les itin paprasta \u2013 tiesiog jas apverskite. Universali sofos apdaila lengvai prisitaiko prie j\u016bs\u0173 esamo interjero, &hellip; \u0427\u0438\u0442\u0430\u0442\u044c \u0434\u0430\u043b\u0435\u0435 Triviet\u0117 sofa \u201eHigh Profile\u201c","og_url":"https:\/\/royalbaldai.lt\/ru\/triviete-sofa-high-profile\/","og_site_name":"\u041a\u043e\u0440\u043e\u043b\u0435\u0432\u0441\u043a\u0430\u044f \u043c\u0435\u0431\u0435\u043b\u044c | \u0410\u043c\u0435\u0440\u0438\u043a\u0430\u043d\u0441\u043a\u0430\u044f \u043c\u0435\u0431\u0435\u043b\u044c Ashley","article_publisher":"https:\/\/www.facebook.com\/royalbaldai","article_modified_time":"2026-04-16T12:43:38+00:00","og_image":[{"width":2560,"height":1920,"url":"https:\/\/royalbaldai.lt\/wp-content\/uploads\/2024\/05\/59902-38-scaled.jpg","type":"image\/jpeg"}],"twitter_card":"summary_large_image","twitter_misc":{"\u041f\u0440\u0438\u043c\u0435\u0440\u043d\u043e\u0435 \u0432\u0440\u0435\u043c\u044f \u0434\u043b\u044f \u0447\u0442\u0435\u043d\u0438\u044f":"1 minute"},"schema":{"@context":"https:\/\/schema.org","@graph":[{"@type":["WebPage","ItemPage"],"@id":"https:\/\/royalbaldai.lt\/ru\/triviete-sofa-high-profile\/","url":"https:\/\/royalbaldai.lt\/ru\/triviete-sofa-high-profile\/","name":"Triviet\u0117 sofa \u201eHigh Profile\u201c | \u041a\u043e\u0440\u043e\u043b\u0435\u0432\u0441\u043a\u0430\u044f \u043c\u0435\u0431\u0435\u043b\u044c | \u0410\u043c\u0435\u0440\u0438\u043a\u0430\u043d\u0441\u043a\u0430\u044f \u043c\u0435\u0431\u0435\u043b\u044c Ashley","isPartOf":{"@id":"https:\/\/royalbaldai.lt\/ru\/#website"},"primaryImageOfPage":{"@id":"https:\/\/royalbaldai.lt\/ru\/triviete-sofa-high-profile\/#primaryimage"},"image":{"@id":"https:\/\/royalbaldai.lt\/ru\/triviete-sofa-high-profile\/#primaryimage"},"thumbnailUrl":"https:\/\/royalbaldai.lt\/wp-content\/uploads\/2024\/05\/59902-38-scaled.jpg","datePublished":"2024-05-14T12:14:35+00:00","dateModified":"2026-04-16T12:43:38+00:00","breadcrumb":{"@id":"https:\/\/royalbaldai.lt\/ru\/triviete-sofa-high-profile\/#breadcrumb"},"inLanguage":"ru-RU","potentialAction":[{"@type":"ReadAction","target":["https:\/\/royalbaldai.lt\/ru\/triviete-sofa-high-profile\/"]}]},{"@type":"ImageObject","inLanguage":"ru-RU","@id":"https:\/\/royalbaldai.lt\/ru\/triviete-sofa-high-profile\/#primaryimage","url":"https:\/\/royalbaldai.lt\/wp-content\/uploads\/2024\/05\/59902-38-scaled.jpg","contentUrl":"https:\/\/royalbaldai.lt\/wp-content\/uploads\/2024\/05\/59902-38-scaled.jpg","width":2560,"height":1920},{"@type":"BreadcrumbList","@id":"https:\/\/royalbaldai.lt\/ru\/triviete-sofa-high-profile\/#breadcrumb","itemListElement":[{"@type":"ListItem","position":1,"name":"\u041a\u0430\u0442\u0430\u043b\u043e\u0433","item":"https:\/\/royalbaldai.lt\/ru\/shop\/"},{"@type":"ListItem","position":2,"name":"Triviet\u0117 sofa \u201eHigh Profile\u201c"}]},{"@type":"WebSite","@id":"https:\/\/royalbaldai.lt\/ru\/#website","url":"https:\/\/royalbaldai.lt\/ru\/","name":"Royal baldai | Amerikieti\u0161ki ASHLEY baldai","description":"\u041a\u043b\u0430\u0441\u0441\u0438\u0447\u0435\u0441\u043a\u0430\u044f \u0430\u043c\u0435\u0440\u0438\u043a\u0430\u043d\u0441\u043a\u0430\u044f \u043c\u0435\u0431\u0435\u043b\u044c Ashley","publisher":{"@id":"https:\/\/royalbaldai.lt\/ru\/#organization"},"alternateName":"Royal baldai","potentialAction":[{"@type":"SearchAction","target":{"@type":"EntryPoint","urlTemplate":"https:\/\/royalbaldai.lt\/ru\/?s={search_term_string}"},"query-input":{"@type":"PropertyValueSpecification","valueRequired":true,"valueName":"search_term_string"}}],"inLanguage":"ru-RU"},{"@type":"Organization","@id":"https:\/\/royalbaldai.lt\/ru\/#organization","name":"Royal baldai","alternateName":"Royal baldai","url":"https:\/\/royalbaldai.lt\/ru\/","logo":{"@type":"ImageObject","inLanguage":"ru-RU","@id":"https:\/\/royalbaldai.lt\/ru\/#\/schema\/logo\/image\/","url":"https:\/\/royalbaldai.lt\/wp-content\/uploads\/2023\/03\/royal-baldai-logotipas.jpg","contentUrl":"https:\/\/royalbaldai.lt\/wp-content\/uploads\/2023\/03\/royal-baldai-logotipas.jpg","width":1667,"height":1250,"caption":"Royal baldai"},"image":{"@id":"https:\/\/royalbaldai.lt\/ru\/#\/schema\/logo\/image\/"},"sameAs":["https:\/\/www.facebook.com\/royalbaldai","https:\/\/www.instagram.com\/royalbaldai\/","https:\/\/www.pinterest.com\/royalbaldai\/"]}]}},"_links":{"self":[{"href":"https:\/\/royalbaldai.lt\/ru\/wp-json\/wp\/v2\/product\/8564","targetHints":{"allow":["GET"]}}],"collection":[{"href":"https:\/\/royalbaldai.lt\/ru\/wp-json\/wp\/v2\/product"}],"about":[{"href":"https:\/\/royalbaldai.lt\/ru\/wp-json\/wp\/v2\/types\/product"}],"wp:featuredmedia":[{"embeddable":true,"href":"https:\/\/royalbaldai.lt\/ru\/wp-json\/wp\/v2\/media\/9902"}],"wp:attachment":[{"href":"https:\/\/royalbaldai.lt\/ru\/wp-json\/wp\/v2\/media?parent=8564"}],"wp:term":[{"taxonomy":"product_brand","embeddable":true,"href":"https:\/\/royalbaldai.lt\/ru\/wp-json\/wp\/v2\/product_brand?post=8564"},{"taxonomy":"product_cat","embeddable":true,"href":"https:\/\/royalbaldai.lt\/ru\/wp-json\/wp\/v2\/product_cat?post=8564"},{"taxonomy":"product_tag","embeddable":true,"href":"https:\/\/royalbaldai.lt\/ru\/wp-json\/wp\/v2\/product_tag?post=8564"}],"curies":[{"name":"wp","href":"https:\/\/api.w.org\/{rel}","templated":true}]}}